{"id":17985,"date":"2019-03-04T17:26:41","date_gmt":"2019-03-04T17:26:41","guid":{"rendered":"https:\/\/stg.steelartisan.ro\/?post_type=product&#038;p=17985"},"modified":"2024-04-25T17:49:58","modified_gmt":"2024-04-25T17:49:58","slug":"rozsa","status":"publish","type":"product","link":"https:\/\/stg.steelartisan.ro\/en\/product\/rozsa\/","title":{"rendered":"R\u00f3zsa"},"content":{"rendered":"<p style=\"margin-bottom: 0;\"><strong>K\u00e9zm\u0171ves f\u00e9m r\u00f3zsa d\u00edsz<\/strong> &#8211;\u00a0 \u00e9getett vasb\u00f3l k\u00e9sz\u00fclt, hamu-k\u00e9k \u00e1rnyalatot adva neki.<br \/>\n\u00c1tl\u00e1tsz\u00f3 lakkal van bevonva, amely megv\u00e9di a rozsd\u00e1t\u00f3l. Ny\u00edrf\u00e1b\u00f3l k\u00e9sz\u00fclt talpa rusztikus hat\u00e1s\u00fa \u00e9s kellemes hangulatot teremt<br \/>\notthonodba. Egy t\u00f6k\u00e9letes aj\u00e1nd\u00e9k \u00e9vfordul\u00f3ra, sz\u00fclet\u00e9snapra, vagy b\u00e1rmely alkalomra.<\/p>\n<div class=\"product-details\"><span class=\"details-wrap\"><br \/>\nTerm\u00e9ksz\u00e1m:\u00a0<span class=\"details-tag\">FLW103C<\/span><br \/>\n<\/span><\/div>","protected":false},"excerpt":{"rendered":"<p>\u00c9getett vasb\u00f3l k\u00e9sz\u00fclt, k\u00e9zzel megmunk\u00e1lt f\u00e9m r\u00f3zsa, gy\u00f6ny\u00f6r\u0171 <span style=\"color: #7acbc6;\">hamvask\u00e9k<\/span> \u00e1rnyalatot k\u00f6lcs\u00f6n\u00f6zve neki.<\/p>\n<p>&nbsp;<\/p>\n<div class=\"product-details\"><span class=\"details-wrap\">Szimbolikus jelent\u00e9se: <span class=\"details-tag\"> szerelem, szenved\u00e9ly, romantika<\/span><br \/>\nMagass\u00e1g: <span class=\"details-tag\">14 cm<\/span><br \/>\nAnyag: <span class=\"details-tag\">\u00e9getett f\u00e9m<\/span><br \/>\n<\/span><\/div>","protected":false},"featured_media":18470,"comment_status":"open","ping_status":"closed","template":"","meta":[],"product_brand":[],"product_cat":[221],"product_tag":[55,208,188],"class_list":{"0":"post-17985","1":"product","2":"type-product","3":"status-publish","4":"has-post-thumbnail","6":"product_cat-dekoraciok","7":"product_tag-dekoracio","8":"product_tag-kezzel-keszitett","9":"product_tag-rozsa","10":"product_shipping_class-free-shipping","12":"first","13":"instock","14":"shipping-taxable","15":"purchasable","16":"product-type-simple"},"_links":{"self":[{"href":"https:\/\/stg.steelartisan.ro\/en\/wp-json\/wp\/v2\/product\/17985","targetHints":{"allow":["GET"]}}],"collection":[{"href":"https:\/\/stg.steelartisan.ro\/en\/wp-json\/wp\/v2\/product"}],"about":[{"href":"https:\/\/stg.steelartisan.ro\/en\/wp-json\/wp\/v2\/types\/product"}],"replies":[{"embeddable":true,"href":"https:\/\/stg.steelartisan.ro\/en\/wp-json\/wp\/v2\/comments?post=17985"}],"wp:featuredmedia":[{"embeddable":true,"href":"https:\/\/stg.steelartisan.ro\/en\/wp-json\/wp\/v2\/media\/18470"}],"wp:attachment":[{"href":"https:\/\/stg.steelartisan.ro\/en\/wp-json\/wp\/v2\/media?parent=17985"}],"wp:term":[{"taxonomy":"product_brand","embeddable":true,"href":"https:\/\/stg.steelartisan.ro\/en\/wp-json\/wp\/v2\/product_brand?post=17985"},{"taxonomy":"product_cat","embeddable":true,"href":"https:\/\/stg.steelartisan.ro\/en\/wp-json\/wp\/v2\/product_cat?post=17985"},{"taxonomy":"product_tag","embeddable":true,"href":"https:\/\/stg.steelartisan.ro\/en\/wp-json\/wp\/v2\/product_tag?post=17985"}],"curies":[{"name":"wp","href":"https:\/\/api.w.org\/{rel}","templated":true}]}}