{"id":17987,"date":"2019-03-04T17:26:41","date_gmt":"2019-03-04T17:26:41","guid":{"rendered":"https:\/\/stg.steelartisan.ro\/product\/metal-rose-2\/"},"modified":"2020-01-10T08:58:36","modified_gmt":"2020-01-10T08:58:36","slug":"metal-rose-2","status":"publish","type":"product","link":"https:\/\/stg.steelartisan.ro\/en\/product\/metal-rose-2\/","title":{"rendered":"Metal Rose"},"content":{"rendered":"<p style=\"margin-bottom: 0;\"><strong>Metal Rose realizat manual<\/strong> &#8211; Fierul ars a dat o culoare frumoas\u0103 <span style=\"color: #7acbc6;\">albastru-cenu\u0219ii<\/span> florii.<br \/>\nFinisajul este o vopsea transparent\u0103 pe baz\u0103 de ap\u0103, protej\u00e2nd-o de rugina. Baza de mesteac\u0103n ofer\u0103 un efect<br \/>\nrustic \u0219i creeaz\u0103 o atmosfer\u0103 pl\u0103cut\u0103 \u00een casa dvs.\u00a0Fie o aniversare, o zi de na\u0219tere sau orice ocazie,<br \/>\ndecora\u021bia noastr\u0103 de cas\u0103 va fi un dar minunat.<\/p>\n<div class=\"product-details\"><span class=\"details-wrap\"><br \/>\nNum\u0103r produs: <span class=\"details-tag\">FLW103C<\/span><br \/>\n<\/span><\/div>","protected":false},"excerpt":{"rendered":"<p>Realizat manual &#8211;\u00a0<span style=\"color: #7acbc6;\">finisat\u0103 cu lac gri<\/span>. Baza de mesteac\u0103n ofer\u0103 un efect rustic \u0219i creeaz\u0103 o atmosfer\u0103 pl\u0103cut\u0103 \u00een casa dvs.<\/p>\n<p>&nbsp;<\/p>\n<div class=\"product-details\"><span class=\"details-wrap\">Sens simbolic: <span class=\"details-tag\"> iubire, romantism, pasiune<\/span><br \/>\n\u00cen\u0103l\u021bimea: <span class=\"details-tag\">19 cm<\/span><br \/>\nMaterial: <span class=\"details-tag\">metal ars<\/span><br \/>\n<\/span><\/div>","protected":false},"featured_media":7182,"comment_status":"open","ping_status":"closed","template":"","meta":[],"product_brand":[],"product_cat":[238],"product_tag":[243,240,245],"class_list":{"0":"post-17987","1":"product","2":"type-product","3":"status-publish","4":"has-post-thumbnail","6":"product_cat-decoratiuni-interioare","7":"product_tag-decor","8":"product_tag-handmade","9":"product_tag-trandafir","10":"product_shipping_class-transport-gratuit","12":"first","13":"instock","14":"shipping-taxable","15":"purchasable","16":"product-type-simple"},"_links":{"self":[{"href":"https:\/\/stg.steelartisan.ro\/en\/wp-json\/wp\/v2\/product\/17987","targetHints":{"allow":["GET"]}}],"collection":[{"href":"https:\/\/stg.steelartisan.ro\/en\/wp-json\/wp\/v2\/product"}],"about":[{"href":"https:\/\/stg.steelartisan.ro\/en\/wp-json\/wp\/v2\/types\/product"}],"replies":[{"embeddable":true,"href":"https:\/\/stg.steelartisan.ro\/en\/wp-json\/wp\/v2\/comments?post=17987"}],"wp:featuredmedia":[{"embeddable":true,"href":"https:\/\/stg.steelartisan.ro\/en\/wp-json\/wp\/v2\/media\/7182"}],"wp:attachment":[{"href":"https:\/\/stg.steelartisan.ro\/en\/wp-json\/wp\/v2\/media?parent=17987"}],"wp:term":[{"taxonomy":"product_brand","embeddable":true,"href":"https:\/\/stg.steelartisan.ro\/en\/wp-json\/wp\/v2\/product_brand?post=17987"},{"taxonomy":"product_cat","embeddable":true,"href":"https:\/\/stg.steelartisan.ro\/en\/wp-json\/wp\/v2\/product_cat?post=17987"},{"taxonomy":"product_tag","embeddable":true,"href":"https:\/\/stg.steelartisan.ro\/en\/wp-json\/wp\/v2\/product_tag?post=17987"}],"curies":[{"name":"wp","href":"https:\/\/api.w.org\/{rel}","templated":true}]}}