{"id":18327,"date":"2020-01-10T13:51:23","date_gmt":"2020-01-10T13:51:23","guid":{"rendered":"https:\/\/stg.steelartisan.ro\/?post_type=product&#038;p=18327"},"modified":"2024-04-25T17:51:00","modified_gmt":"2024-04-25T17:51:00","slug":"kapuzar","status":"publish","type":"product","link":"https:\/\/stg.steelartisan.ro\/en\/product\/kapuzar\/","title":{"rendered":"Sz\u00e9kelykapu z\u00e1r &#8211; magyar c\u00edmerrel"},"content":{"rendered":"<p style=\"margin-bottom: 0;\">K\u00e9zm\u0171ves sz\u00e9kely kapuz\u00e1r magyar c\u00edmerrel d\u00edsz\u00edtett, norm\u00e1l <span style=\"color: #7acbc6;\">kulcsos vagy vert\u00e1n<\/span> z\u00e1rral felszerelve.<\/p>\n<div class=\"product-details\"><span class=\"details-wrap\"><br \/>\nTerm\u00e9ksz\u00e1m:\u00a0<span class=\"details-tag\">LCK101B<\/span><br \/>\n<\/span><\/div>","protected":false},"excerpt":{"rendered":"<p style=\"margin-bottom: 0;\">K\u00e9zm\u0171ves sz\u00e9kely kapuz\u00e1r magyar c\u00edmerrel d\u00edsz\u00edtett, norm\u00e1l <span style=\"color: #7acbc6;\">kulcsos vagy vert\u00e1n<\/span> z\u00e1rral felszerelve.<\/p>\n<div class=\"product-details\"><span class=\"details-wrap\"><br \/>\nM\u00e9ret: <span class=\"details-tag\">15&#215;20 cm<\/span><br \/>\nAnyag: <span class=\"details-tag\">vas<\/span><br \/>\n<\/span><\/div>","protected":false},"featured_media":18380,"comment_status":"open","ping_status":"closed","template":"","meta":[],"product_brand":[],"product_cat":[272],"product_tag":[313,208,222],"class_list":{"0":"post-18327","1":"product","2":"type-product","3":"status-publish","4":"has-post-thumbnail","6":"product_cat-kapuzar","7":"product_tag-kapuzar","8":"product_tag-kezzel-keszitett","9":"product_tag-klasszikus","11":"first","12":"instock","13":"shipping-taxable","14":"purchasable","15":"product-type-simple"},"_links":{"self":[{"href":"https:\/\/stg.steelartisan.ro\/en\/wp-json\/wp\/v2\/product\/18327","targetHints":{"allow":["GET"]}}],"collection":[{"href":"https:\/\/stg.steelartisan.ro\/en\/wp-json\/wp\/v2\/product"}],"about":[{"href":"https:\/\/stg.steelartisan.ro\/en\/wp-json\/wp\/v2\/types\/product"}],"replies":[{"embeddable":true,"href":"https:\/\/stg.steelartisan.ro\/en\/wp-json\/wp\/v2\/comments?post=18327"}],"wp:featuredmedia":[{"embeddable":true,"href":"https:\/\/stg.steelartisan.ro\/en\/wp-json\/wp\/v2\/media\/18380"}],"wp:attachment":[{"href":"https:\/\/stg.steelartisan.ro\/en\/wp-json\/wp\/v2\/media?parent=18327"}],"wp:term":[{"taxonomy":"product_brand","embeddable":true,"href":"https:\/\/stg.steelartisan.ro\/en\/wp-json\/wp\/v2\/product_brand?post=18327"},{"taxonomy":"product_cat","embeddable":true,"href":"https:\/\/stg.steelartisan.ro\/en\/wp-json\/wp\/v2\/product_cat?post=18327"},{"taxonomy":"product_tag","embeddable":true,"href":"https:\/\/stg.steelartisan.ro\/en\/wp-json\/wp\/v2\/product_tag?post=18327"}],"curies":[{"name":"wp","href":"https:\/\/api.w.org\/{rel}","templated":true}]}}