{"id":4062,"date":"2018-11-21T11:34:09","date_gmt":"2018-11-21T11:34:09","guid":{"rendered":"https:\/\/stg.steelartisan.ro\/?post_type=product&#038;p=4062"},"modified":"2024-04-25T17:51:36","modified_gmt":"2024-04-25T17:51:36","slug":"hazkereszt5","status":"publish","type":"product","link":"https:\/\/stg.steelartisan.ro\/en\/product\/hazkereszt5\/","title":{"rendered":"Rusztikus h\u00e1zkereszt"},"content":{"rendered":"<p style=\"margin-bottom: 0;\"><strong>K\u00e9zzel megmunk\u00e1lt f\u00e9mkereszt<\/strong> &#8211;\u00a0<span style=\"color: #7acbc6;\">f\u00e9nyes fekete lakkal bevonva<\/span>,\u00a0v\u00e9dve \u00edgy a rozsda ellen.<\/p>\n<div class=\"product-details\"><span class=\"details-wrap\"><br \/>\nTerm\u00e9ksz\u00e1m:\u00a0<span class=\"details-tag\">CRU105E<\/span><br \/>\n<\/span><\/div>","protected":false},"excerpt":{"rendered":"<p>K\u00e9zzel megmunk\u00e1lt kov\u00e1csolt vaskereszt, <span style=\"color: #7acbc6;\">f\u00e9nyes fekete lakkal bevonva<\/span>,\u00a0v\u00e9dve \u00edgy a rozsda ellen.<\/p>\n<p>&nbsp;<\/p>\n<div class=\"product-details\"><span class=\"details-wrap\"><br \/>\nMagass\u00e1g: <span class=\"details-tag\">38&#215;32 cm<\/span><br \/>\nAnyag: <span class=\"details-tag\">kov\u00e1csoltvas<\/span><br \/>\n<\/span><\/div>","protected":false},"featured_media":18413,"comment_status":"open","ping_status":"closed","template":"","meta":[],"product_brand":[],"product_cat":[194],"product_tag":[208,51,195],"class_list":{"0":"post-4062","1":"product","2":"type-product","3":"status-publish","4":"has-post-thumbnail","6":"product_cat-hazkeresztek","7":"product_tag-kezzel-keszitett","8":"product_tag-uj-termek","9":"product_tag-vaskereszt","10":"product_shipping_class-free-shipping","12":"first","13":"instock","14":"shipping-taxable","15":"purchasable","16":"product-type-simple"},"_links":{"self":[{"href":"https:\/\/stg.steelartisan.ro\/en\/wp-json\/wp\/v2\/product\/4062","targetHints":{"allow":["GET"]}}],"collection":[{"href":"https:\/\/stg.steelartisan.ro\/en\/wp-json\/wp\/v2\/product"}],"about":[{"href":"https:\/\/stg.steelartisan.ro\/en\/wp-json\/wp\/v2\/types\/product"}],"replies":[{"embeddable":true,"href":"https:\/\/stg.steelartisan.ro\/en\/wp-json\/wp\/v2\/comments?post=4062"}],"wp:featuredmedia":[{"embeddable":true,"href":"https:\/\/stg.steelartisan.ro\/en\/wp-json\/wp\/v2\/media\/18413"}],"wp:attachment":[{"href":"https:\/\/stg.steelartisan.ro\/en\/wp-json\/wp\/v2\/media?parent=4062"}],"wp:term":[{"taxonomy":"product_brand","embeddable":true,"href":"https:\/\/stg.steelartisan.ro\/en\/wp-json\/wp\/v2\/product_brand?post=4062"},{"taxonomy":"product_cat","embeddable":true,"href":"https:\/\/stg.steelartisan.ro\/en\/wp-json\/wp\/v2\/product_cat?post=4062"},{"taxonomy":"product_tag","embeddable":true,"href":"https:\/\/stg.steelartisan.ro\/en\/wp-json\/wp\/v2\/product_tag?post=4062"}],"curies":[{"name":"wp","href":"https:\/\/api.w.org\/{rel}","templated":true}]}}