{"id":7181,"date":"2018-10-11T16:39:26","date_gmt":"2018-10-11T16:39:26","guid":{"rendered":"https:\/\/stg.steelartisan.ro\/product\/metal-gerbera\/"},"modified":"2020-01-18T11:57:27","modified_gmt":"2020-01-18T11:57:27","slug":"metal-gerbera","status":"publish","type":"product","link":"https:\/\/stg.steelartisan.ro\/en\/product\/metal-gerbera\/","title":{"rendered":"Metal Gerbera"},"content":{"rendered":"<p style=\"margin-bottom:0;\"><strong>Metal Gerbera realizat manual<\/strong> &#8211; Fierul ars a dat o culoare frumoas\u0103 albastru-cenu\u0219ii florii.<br \/>\nFinisajul este o vopsea transparent\u0103 pe baz\u0103 de ap\u0103, protej\u00e2nd-o de rugina. Baza de mesteac\u0103n ofer\u0103 un efect<br \/>\nrustic \u0219i creeaz\u0103 o atmosfer\u0103 pl\u0103cut\u0103 \u00een casa dvs.\u00a0Fie o aniversare, o zi de na\u0219tere sau orice ocazie,<br \/>\ndecora\u021bia noastr\u0103 de cas\u0103 va fi un dar minunat.<\/p>\n<div class=\"product-details\"><span class=\"details-wrap\"><br \/>\nSens simbolic: <span class=\"details-tag\">\u201eM\u0103 bucur c\u0103 te am\u201d \u2013 Un simbol al nevinov\u0103\u021biei \u0219i al bun\u0103t\u0103\u021bii care se refer\u0103 la emo\u021bii pure.<\/span><br \/>\nNum\u0103r produs: <span class=\"details-tag\">FLW102B<\/span><br \/>\n<\/span><\/div>","protected":false},"excerpt":{"rendered":"<p><span style=\"font-weight: 400;\">Metal Gerbera realizat manual.\u00a0Finisajul este o vopsea transparent\u0103 pe baz\u0103 de ap\u0103, protej\u00e2nd-o de rugina<\/span><\/p>\n<p>Realizat manual &#8211;\u00a0<span style=\"color: #7acbc6;\">finisat\u0103 cu lac gri<\/span>. Baza de mesteac\u0103n ofer\u0103 un efect rustic \u0219i creeaz\u0103 o atmosfer\u0103 pl\u0103cut\u0103 \u00een casa dvs.<\/p>\n<p>&nbsp;<\/p>\n<div class=\"product-details\"><span class=\"details-wrap\">Sens simbolic: <span class=\"details-tag\">  &#8222;M\u0103 bucur c\u0103 te am&#8221;<\/span><br \/>\n\u00cen\u0103l\u021bimea: <span class=\"details-tag\">14 cm<\/span><br \/>\nMaterial: <span class=\"details-tag\">metal ars<\/span><br \/>\n<\/span><\/div>","protected":false},"featured_media":16964,"comment_status":"open","ping_status":"closed","template":"","meta":[],"product_brand":[],"product_cat":[238],"product_tag":[243,240,244,242],"class_list":{"0":"post-7181","1":"product","2":"type-product","3":"status-publish","4":"has-post-thumbnail","6":"product_cat-decoratiuni-interioare","7":"product_tag-decor","8":"product_tag-handmade","9":"product_tag-minimal","10":"product_tag-produs-nou","11":"product_shipping_class-transport-gratuit","13":"first","14":"instock","15":"shipping-taxable","16":"purchasable","17":"product-type-simple"},"_links":{"self":[{"href":"https:\/\/stg.steelartisan.ro\/en\/wp-json\/wp\/v2\/product\/7181","targetHints":{"allow":["GET"]}}],"collection":[{"href":"https:\/\/stg.steelartisan.ro\/en\/wp-json\/wp\/v2\/product"}],"about":[{"href":"https:\/\/stg.steelartisan.ro\/en\/wp-json\/wp\/v2\/types\/product"}],"replies":[{"embeddable":true,"href":"https:\/\/stg.steelartisan.ro\/en\/wp-json\/wp\/v2\/comments?post=7181"}],"wp:featuredmedia":[{"embeddable":true,"href":"https:\/\/stg.steelartisan.ro\/en\/wp-json\/wp\/v2\/media\/16964"}],"wp:attachment":[{"href":"https:\/\/stg.steelartisan.ro\/en\/wp-json\/wp\/v2\/media?parent=7181"}],"wp:term":[{"taxonomy":"product_brand","embeddable":true,"href":"https:\/\/stg.steelartisan.ro\/en\/wp-json\/wp\/v2\/product_brand?post=7181"},{"taxonomy":"product_cat","embeddable":true,"href":"https:\/\/stg.steelartisan.ro\/en\/wp-json\/wp\/v2\/product_cat?post=7181"},{"taxonomy":"product_tag","embeddable":true,"href":"https:\/\/stg.steelartisan.ro\/en\/wp-json\/wp\/v2\/product_tag?post=7181"}],"curies":[{"name":"wp","href":"https:\/\/api.w.org\/{rel}","templated":true}]}}