{"id":7985,"date":"2018-10-12T05:38:08","date_gmt":"2018-10-12T05:38:08","guid":{"rendered":"https:\/\/stg.steelartisan.ro\/product\/metal-narcissus\/"},"modified":"2025-03-25T23:25:38","modified_gmt":"2025-03-25T23:25:38","slug":"metal-narcissus","status":"publish","type":"product","link":"https:\/\/stg.steelartisan.ro\/en\/product\/metal-narcissus\/","title":{"rendered":"Metal Narcissus"},"content":{"rendered":"<p style=\"margin-bottom:0;\"><strong>Metal Narcis realizat manual<\/strong> &#8211; Finisat cu lac negru, protej\u00e2nd-o de rugin\u0103. Baza de mesteac\u0103n<br \/>\nofer\u0103 un efect  rustic \u0219i creeaz\u0103 o atmosfer\u0103 pl\u0103cut\u0103 \u00een casa ta.\u00a0Fie o aniversare, o zi de na\u0219tere sau<br \/>\norice ocazie, decora\u021bia noastr\u0103 de cas\u0103 va fi un dar minunat.<\/p>\n<div class=\"product-details\"><span class=\"details-wrap\"><br \/>\nNum\u0103r produs: <span class=\"details-tag\">FLW104D<\/span><br \/>\n<\/span><\/div>","protected":false},"excerpt":{"rendered":"<p>Realizat manual &#8211;\u00a0<span style=\"color: #7acbc6;\">finisat\u0103 cu lac gri<\/span>. Baza de mesteac\u0103n ofer\u0103 un efect rustic \u0219i creeaz\u0103 o atmosfer\u0103 pl\u0103cut\u0103 \u00een casa ta.<\/p>\n<p>&nbsp;<\/p>\n<div class=\"product-details\"><span class=\"details-wrap\">Sens simbolic: <span class=\"details-tag\">respect<\/span><br \/>\n\u00cen\u0103l\u021bimea: <span class=\"details-tag\">14 cm<\/span><br \/>\nMaterial: <span class=\"details-tag\">metal<\/span><br \/>\n<\/span><\/div>","protected":false},"featured_media":17631,"comment_status":"open","ping_status":"closed","template":"","meta":[],"product_brand":[],"product_cat":[238],"product_tag":[243,240,244,267,242],"class_list":{"0":"post-7985","1":"product","2":"type-product","3":"status-publish","4":"has-post-thumbnail","6":"product_cat-decoratiuni-interioare","7":"product_tag-decor","8":"product_tag-handmade","9":"product_tag-minimal","10":"product_tag-narcis-ro","11":"product_tag-produs-nou","13":"first","14":"instock","15":"shipping-taxable","16":"purchasable","17":"product-type-simple"},"_links":{"self":[{"href":"https:\/\/stg.steelartisan.ro\/en\/wp-json\/wp\/v2\/product\/7985","targetHints":{"allow":["GET"]}}],"collection":[{"href":"https:\/\/stg.steelartisan.ro\/en\/wp-json\/wp\/v2\/product"}],"about":[{"href":"https:\/\/stg.steelartisan.ro\/en\/wp-json\/wp\/v2\/types\/product"}],"replies":[{"embeddable":true,"href":"https:\/\/stg.steelartisan.ro\/en\/wp-json\/wp\/v2\/comments?post=7985"}],"wp:featuredmedia":[{"embeddable":true,"href":"https:\/\/stg.steelartisan.ro\/en\/wp-json\/wp\/v2\/media\/17631"}],"wp:attachment":[{"href":"https:\/\/stg.steelartisan.ro\/en\/wp-json\/wp\/v2\/media?parent=7985"}],"wp:term":[{"taxonomy":"product_brand","embeddable":true,"href":"https:\/\/stg.steelartisan.ro\/en\/wp-json\/wp\/v2\/product_brand?post=7985"},{"taxonomy":"product_cat","embeddable":true,"href":"https:\/\/stg.steelartisan.ro\/en\/wp-json\/wp\/v2\/product_cat?post=7985"},{"taxonomy":"product_tag","embeddable":true,"href":"https:\/\/stg.steelartisan.ro\/en\/wp-json\/wp\/v2\/product_tag?post=7985"}],"curies":[{"name":"wp","href":"https:\/\/api.w.org\/{rel}","templated":true}]}}