{"id":17893,"date":"2019-03-01T14:31:16","date_gmt":"2019-03-01T14:31:16","guid":{"rendered":"https:\/\/stg.steelartisan.ro\/?post_type=product&#038;p=17893"},"modified":"2020-01-14T20:07:54","modified_gmt":"2020-01-14T20:07:54","slug":"fern","status":"publish","type":"product","link":"https:\/\/stg.steelartisan.ro\/ro\/produs\/fern\/","title":{"rendered":"Fern"},"content":{"rendered":"<p style=\"margin-bottom:0;\"><strong>Metal Fern realizat manual<\/strong> &#8211; Fierul ars a dat o culoare frumoas\u0103 albastru-cenu\u0219ii florii.<br \/>\nFinisat\u0103 cu lac negru, protej\u00e2nd-o de rugina. Baza de mesteac\u0103n ofer\u0103 un efect<br \/>\nrustic \u0219i creeaz\u0103 o atmosfer\u0103 pl\u0103cut\u0103 \u00een casa dvs.\u00a0Fie o aniversare, o zi de na\u0219tere sau orice ocazie,<br \/>\ndecora\u021bia noastr\u0103 de cas\u0103 va fi un dar minunat.<\/p>\n<div class=\"product-details\"><span class=\"details-wrap\"><br \/>\nNum\u0103r produs: <span class=\"details-tag\">FLW100A<\/span><br \/>\n<\/span><\/div>","protected":false},"excerpt":{"rendered":"<p>Realizat manual &#8211;\u00a0<span style=\"color: #7acbc6;\">finisat\u0103 cu lac negru<\/span>. Baza de mesteac\u0103n ofer\u0103 un efect rustic \u0219i creeaz\u0103 o atmosfer\u0103 pl\u0103cut\u0103 \u00een casa dvs.<\/p>\n<p>&nbsp;<\/p>\n<div class=\"product-details\"><span class=\"details-wrap\">Sens simbolic: <span class=\"details-tag\"> d onestitate, \u00eencredere, ad\u0103post.<\/span><br \/>\n\u00cen\u0103l\u021bimea: <span class=\"details-tag\">14 cm<\/span><br \/>\nMaterial: <span class=\"details-tag\">metal ars<\/span><br \/>\n<\/span><\/div>","protected":false},"featured_media":17895,"comment_status":"open","ping_status":"closed","template":"","meta":[],"product_brand":[],"product_cat":[238],"product_tag":[243,240,244,242],"class_list":{"0":"post-17893","1":"product","2":"type-product","3":"status-publish","4":"has-post-thumbnail","6":"product_cat-decoratiuni-interioare","7":"product_tag-decor","8":"product_tag-handmade","9":"product_tag-minimal","10":"product_tag-produs-nou","11":"product_shipping_class-transport-gratuit","13":"first","14":"instock","15":"shipping-taxable","16":"purchasable","17":"product-type-simple"},"_links":{"self":[{"href":"https:\/\/stg.steelartisan.ro\/ro\/wp-json\/wp\/v2\/product\/17893","targetHints":{"allow":["GET"]}}],"collection":[{"href":"https:\/\/stg.steelartisan.ro\/ro\/wp-json\/wp\/v2\/product"}],"about":[{"href":"https:\/\/stg.steelartisan.ro\/ro\/wp-json\/wp\/v2\/types\/product"}],"replies":[{"embeddable":true,"href":"https:\/\/stg.steelartisan.ro\/ro\/wp-json\/wp\/v2\/comments?post=17893"}],"wp:featuredmedia":[{"embeddable":true,"href":"https:\/\/stg.steelartisan.ro\/ro\/wp-json\/wp\/v2\/media\/17895"}],"wp:attachment":[{"href":"https:\/\/stg.steelartisan.ro\/ro\/wp-json\/wp\/v2\/media?parent=17893"}],"wp:term":[{"taxonomy":"product_brand","embeddable":true,"href":"https:\/\/stg.steelartisan.ro\/ro\/wp-json\/wp\/v2\/product_brand?post=17893"},{"taxonomy":"product_cat","embeddable":true,"href":"https:\/\/stg.steelartisan.ro\/ro\/wp-json\/wp\/v2\/product_cat?post=17893"},{"taxonomy":"product_tag","embeddable":true,"href":"https:\/\/stg.steelartisan.ro\/ro\/wp-json\/wp\/v2\/product_tag?post=17893"}],"curies":[{"name":"wp","href":"https:\/\/api.w.org\/{rel}","templated":true}]}}