{"id":387,"date":"2018-03-05T15:35:31","date_gmt":"2018-03-05T15:35:31","guid":{"rendered":"http:\/\/tonda.select-themes.com\/?post_type=product&#038;p=387"},"modified":"2024-04-25T17:53:14","modified_gmt":"2024-04-25T17:53:14","slug":"kozepkori-lancing","status":"publish","type":"product","link":"https:\/\/stg.steelartisan.ro\/ro\/produs\/kozepkori-lancing\/","title":{"rendered":"K\u00f6z\u00e9pkori l\u00e1ncing"},"content":{"rendered":"<p style=\"margin-bottom: 0;\"><strong>K\u00f6z\u00e9pkori katon\u00e1k<\/strong> \u00e1ltal viselt eredeti m\u00e9r\u00e9sek alapj\u00e1n k\u00e9sz\u00fclt <span style=\"color: #7acbc6;\">k\u00f6z\u00e9pkori l\u00e1ncing.<\/span> A menetvastags\u00e1g 2 mm.<br \/>\nA gy\u0171r\u0171 bels\u0151 \u00e1tm\u00e9r\u0151je (ID) 8 mm.<\/p>\n<p style=\"margin-bottom: 0;\">Eredetis\u00e9g\u00e9nek k\u00f6sz\u00f6nhet\u0151en t\u00f6k\u00e9letes a Lovagi torn\u00e1kon, sz\u00ednh\u00e1zakhoz, az k\u00f6z\u00e9pkori koncepci\u00f3kra \u00e9p\u00edtett<br \/>\nvend\u00e9gl\u00e1t\u00f3 helyeknek, \u00e9s gy\u0171jt\u0151k sz\u00e1m\u00e1ra is, akik a szenved\u00e9llyelf\u0171szerezett k\u00e9zm\u0171ves min\u0151s\u00e9gi munk\u00e1t \u00e9rt\u00e9kelik.<\/p>\n<div class=\"product-details\"><span class=\"details-wrap\"><br \/>\nTerm\u00e9ksz\u00e1m:\u00a0<span class=\"details-tag\">ART102B<\/span><br \/>\n<\/span><\/div>","protected":false},"excerpt":{"rendered":"<p style=\"margin-bottom: 0;\"><strong>K\u00f6z\u00e9pkori katon\u00e1k<\/strong> \u00e1ltal viselt eredeti m\u00e9r\u00e9sek ut\u00e1n k\u00e9sz\u00fclt <span style=\"color: #7acbc6;\">k\u00f6z\u00e9pkori l\u00e1ncing.<\/span><\/p>\n<div class=\"product-details\"><span class=\"details-wrap\"><br \/>\nM\u00e9ret: <span class=\"details-tag\">XL<\/span><br \/>\nAnyag: <span class=\"details-tag\">rozsdamentes ac\u00e9l<\/span><br \/>\n<\/span><\/div>","protected":false},"featured_media":16084,"comment_status":"open","ping_status":"closed","template":"","meta":[],"product_brand":[],"product_cat":[204],"product_tag":[208,206,207,51],"class_list":{"0":"post-387","1":"product","2":"type-product","3":"status-publish","4":"has-post-thumbnail","6":"product_cat-tortenelmi-termekek","7":"product_tag-kezzel-keszitett","8":"product_tag-kozepkori-muveszet","9":"product_tag-tortenelmi-termekek","10":"product_tag-uj-termek","12":"first","13":"instock","14":"taxable","15":"shipping-taxable","16":"purchasable","17":"product-type-simple"},"_links":{"self":[{"href":"https:\/\/stg.steelartisan.ro\/ro\/wp-json\/wp\/v2\/product\/387","targetHints":{"allow":["GET"]}}],"collection":[{"href":"https:\/\/stg.steelartisan.ro\/ro\/wp-json\/wp\/v2\/product"}],"about":[{"href":"https:\/\/stg.steelartisan.ro\/ro\/wp-json\/wp\/v2\/types\/product"}],"replies":[{"embeddable":true,"href":"https:\/\/stg.steelartisan.ro\/ro\/wp-json\/wp\/v2\/comments?post=387"}],"wp:featuredmedia":[{"embeddable":true,"href":"https:\/\/stg.steelartisan.ro\/ro\/wp-json\/wp\/v2\/media\/16084"}],"wp:attachment":[{"href":"https:\/\/stg.steelartisan.ro\/ro\/wp-json\/wp\/v2\/media?parent=387"}],"wp:term":[{"taxonomy":"product_brand","embeddable":true,"href":"https:\/\/stg.steelartisan.ro\/ro\/wp-json\/wp\/v2\/product_brand?post=387"},{"taxonomy":"product_cat","embeddable":true,"href":"https:\/\/stg.steelartisan.ro\/ro\/wp-json\/wp\/v2\/product_cat?post=387"},{"taxonomy":"product_tag","embeddable":true,"href":"https:\/\/stg.steelartisan.ro\/ro\/wp-json\/wp\/v2\/product_tag?post=387"}],"curies":[{"name":"wp","href":"https:\/\/api.w.org\/{rel}","templated":true}]}}